
{"id":4174,"date":"2021-02-25T16:41:16","date_gmt":"2021-02-25T16:41:16","guid":{"rendered":"https:\/\/run4wales.org\/hyfforddiant\/dod-o-hyd-i-glwb-rhedeg\/"},"modified":"2021-03-03T18:33:34","modified_gmt":"2021-03-03T18:33:34","slug":"dod-o-hyd-i-glwb-rhedeg","status":"publish","type":"page","link":"https:\/\/www.run4wales.org\/cy\/hyfforddiant\/dod-o-hyd-i-glwb-rhedeg\/","title":{"rendered":"Dod o Hyd i Glwb Rhedeg"},"content":{"rendered":"\n<figure class=\"wp-block-image size-large is-resized\"><img loading=\"lazy\" src=\"https:\/\/run4wales.org\/app\/uploads\/2021\/01\/HF_Cardiff_Half-2019-698-1024x683.jpg\" alt=\"\" class=\"wp-image-2226\" width=\"768\" height=\"512\" srcset=\"https:\/\/www.run4wales.org\/app\/uploads\/2021\/01\/HF_Cardiff_Half-2019-698-1024x683.jpg 1024w, https:\/\/www.run4wales.org\/app\/uploads\/2021\/01\/HF_Cardiff_Half-2019-698-300x200.jpg 300w, https:\/\/www.run4wales.org\/app\/uploads\/2021\/01\/HF_Cardiff_Half-2019-698-768x512.jpg 768w, https:\/\/www.run4wales.org\/app\/uploads\/2021\/01\/HF_Cardiff_Half-2019-698.jpg 1200w\" sizes=\"(max-width: 768px) 100vw, 768px\" \/><\/figure>\n\n\n\n<h2 class=\"mb-4\">Gall ymuno \u00e2 chlwb rhedeg wella eich rhedeg a helpu i\u2019ch cymell chi drwy gydol eich hyfforddiant.<\/h2>\n\n\n\n<p>Mae ymuno \u00e2 chlwb yn ffordd wych o gwrdd \u00e2 phobl newydd, cymdeithasu a gwthio eich hun drwy redeg gydag eraill. Gall clybiau fod yn ffynhonnell ardderchog o wybodaeth leol \u2013 p\u2019un a ydych chi\u2019n edrych am eich ras nesaf, y ffisio gorau neu eisiau gwybod mwy am y llwybrau gorau yn eich ardal.<\/p>\n\n\n\n<p>Gall llawer o glybiau gynnig cyngor ar hyfforddi i chi hefyd, neu gyfleoedd i roi cynnig ar fathau newydd o sesiynau hyfforddi.<\/p>\n\n\n\n<p>Gall dod o hyd i\u2019r clwb rhedeg iawn deimlo fel proses anodd, ond mae digon o adnoddau ar gael i\u2019ch helpu chi i benderfynu. Gallech chi ymuno \u00e2 chlwb athletau cyswllt neu ddewis ymuno \u00e2 gr\u0175p rhedeg cymdeithasol mwy anffurfiol.<\/p>\n\n\n\n<div style=\"height:20px\" aria-hidden=\"true\" class=\"wp-block-spacer\"><\/div>\n\n\n\n<div class=\"wp-block-media-text is-stacked-on-mobile thumbnail\" style=\"grid-template-columns:30% auto\"><figure class=\"wp-block-media-text__media\"><img loading=\"lazy\" width=\"512\" height=\"512\" src=\"https:\/\/run4wales.org\/app\/uploads\/2021\/02\/323_Strava_logo-512.png\" alt=\"\" class=\"wp-image-3535\" srcset=\"https:\/\/www.run4wales.org\/app\/uploads\/2021\/02\/323_Strava_logo-512.png 512w, https:\/\/www.run4wales.org\/app\/uploads\/2021\/02\/323_Strava_logo-512-300x300.png 300w, https:\/\/www.run4wales.org\/app\/uploads\/2021\/02\/323_Strava_logo-512-150x150.png 150w\" sizes=\"(max-width: 512px) 100vw, 512px\" \/><\/figure><div class=\"wp-block-media-text__content\">\n<h3><strong>Clybiau Strava R4W<\/strong><\/h3>\n\n\n\n<p>Ein Clybiau swyddogol ar Strava yw\u2019r lle i fynd i gael newyddion, adolygiadau, awgrymiadau a chystadlaethau na chewch chi unrhyw le arall. Gallwch chi ryngweithio \u00e2 phobl eraill sy\u2019n hyfforddi ar gyfer digwyddiad R4W, gweld tabl arweinwyr clybiau, negeseuon, a mwy.<\/p>\n\n\n\n<h5><strong><a href=\"https:\/\/www.strava.com\/clubs\/477501\" class=\"rank-math-link\">Clwb Hanner Marathon Caerdydd<\/a><\/strong> | <strong><a href=\"https:\/\/www.strava.com\/clubs\/abp-newport-wales-marathon-477507\" class=\"rank-math-link\">Clwb Marathon Casnewydd<\/a><\/strong> | <a href=\"https:\/\/www.strava.com\/clubs\/861592\" class=\"rank-math-link\">Clwb R4W Rhithiol<\/a> | <strong><a href=\"https:\/\/www.strava.com\/clubs\/healthspan-wales-10k-series-487695\" class=\"rank-math-link\">Clwb Cyfres 10K Healthspan Wales<\/a><\/strong><\/h5>\n<\/div><\/div>\n\n\n\n<hr class=\"wp-block-separator\"\/>\n\n\n\n<div class=\"wp-block-media-text is-stacked-on-mobile thumbnail\" style=\"grid-template-columns:30% auto\"><figure class=\"wp-block-media-text__media\"><img loading=\"lazy\" width=\"230\" height=\"265\" src=\"https:\/\/run4wales.org\/app\/uploads\/2020\/09\/welsh-athletics@2x-100.jpg\" alt=\"\" class=\"wp-image-596\"\/><\/figure><div class=\"wp-block-media-text__content\">\n<h3><strong>Athletau Cymru<\/strong><\/h3>\n\n\n\n<p>Athletau Cymru yw\u2019r corff llywodraethu cenedlaethol ar gyfer athletau yng Nghymru, Mae\u2019n cefnogi rhwydwaith cynyddol o glybiau a\u2019u haelodau drwy ddarparu strwythur cyswllt a chefnogi sy\u2019n anelu at wneud yn si\u0175r bod cyfleoedd diogel, hygyrch a llawn hwyl i bawb gymryd rhan.<\/p>\n\n\n\n<p>Mae dod yn aelod o glwb cyswllt yn golygu y gallwch chi gael gostyngiad wrth gofrestru ar gyfer digwyddiadau rhedeg trwyddedig. Dewch o hyd i\u2019ch clwb athletau lleol yng Nghymru a pha ddisgyblaethau athletau a grwpiau oedran maen nhw\u2019n darparu ar eu cyfer.<\/p>\n\n\n\n<h5><a href=\"https:\/\/www.welshathletics.org\/en\/club\" class=\"rank-math-link\">Dod o Hyd i Glwb Athletau yng Nghymru<\/a><\/h5>\n<\/div><\/div>\n\n\n\n<hr class=\"wp-block-separator\"\/>\n\n\n\n<div class=\"wp-block-media-text is-stacked-on-mobile thumbnail\"><figure class=\"wp-block-media-text__media\"><img loading=\"lazy\" width=\"1024\" height=\"759\" src=\"https:\/\/run4wales.org\/app\/uploads\/2021\/01\/R4W-Website-Event-Result-Logos-1024x759.jpg\" alt=\"\" class=\"wp-image-2165\" srcset=\"https:\/\/www.run4wales.org\/app\/uploads\/2021\/01\/R4W-Website-Event-Result-Logos-1024x759.jpg 1024w, https:\/\/www.run4wales.org\/app\/uploads\/2021\/01\/R4W-Website-Event-Result-Logos-300x222.jpg 300w, https:\/\/www.run4wales.org\/app\/uploads\/2021\/01\/R4W-Website-Event-Result-Logos-768x569.jpg 768w, https:\/\/www.run4wales.org\/app\/uploads\/2021\/01\/R4W-Website-Event-Result-Logos.jpg 1080w\" sizes=\"(max-width: 1024px) 100vw, 1024px\" \/><\/figure><div class=\"wp-block-media-text__content\">\n<h3>Rhedeg Cymru<\/h3>\n\n\n\n<p>Mae Rhedeg Cymru yn rhaglen rhedeg cymdeithasol newydd wedi\u2019i datblygu i \u2018ysbrydoli, annog a chefnogi\u2019 pob oedolyn yng Nghymru i redeg.<\/p>\n\n\n\n<p>Does dim rhaid talu i redeg a gall pawb ei wneud! Mae pob ymdrech yn cyfrif ac nid yw\u2019r un rhediad yn rhy fyr \u2013 mae Rhedeg Cymru yma i ddathlu unigolion a grwpiau sy\u2019n cerdded, yn loncian ac yn rhedeg tuag at ffordd fwy gweithgar o fyw.<\/p>\n\n\n\n<p>Mae grwpiau rhedeg cymdeithasol cofrestredig Rhedeg Cymru ledled Cymru, felly cymerwch gip i weld a oes un yn lleol i chi a allai eich cefnogi! Neu beth am ddechrau un eich hun?<\/p>\n\n\n\n<h5><a href=\"https:\/\/irun.wales\/group-running\/\" class=\"rank-math-link\">Dod o Hyd i Glwb Rhedeg Cymdeithasol<\/a><\/h5>\n<\/div><\/div>\n\n\n\n<div style=\"height:20px\" aria-hidden=\"true\" class=\"wp-block-spacer\"><\/div>\n\n\n\n<p>Byw tu allan i gymru? Tarwch olwg ar <a href=\"https:\/\/www.englandathletics.org\/find-an-athletics-club\/\" class=\"rank-math-link\">England Athletics<\/a>, <a href=\"https:\/\/runtogether.co.uk\/groups\/\" class=\"rank-math-link\">Run Together<\/a>, <a href=\"https:\/\/www.scottishathletics.org.uk\/clubs\/club-finder\/\" class=\"rank-math-link\">Scottish Athletics<\/a>, <a href=\"https:\/\/jogscotland.org.uk\/joggers\/find-your-nearest-jog-group\/\" class=\"rank-math-link\">Jog Scotland<\/a> neu <a href=\"https:\/\/athleticsni.org\/Clubs\" class=\"rank-math-link\">Athletics NI<\/a>.<\/p>\n\n\n<section data-block=\"block_5f61f8862f93b\" class=\"card-links   align\">\n\n    <hr>\n\n    <div class=\"row pt-3\">\n              <div class=\"col-sm-12 col-md-4\">\n          <a href=\"https:\/\/www.run4wales.org\/cy\/hyfforddiant\/hyfforddi-a-pharatoi\/\">\n            <div class=\"card\">\n              <figure>\n                <img class=\"card-img-top\" src=\"https:\/\/www.run4wales.org\/app\/uploads\/2020\/07\/events-header.jpg\">\n              <\/figure>\n              <div class=\"card-body\">\n                <h4 class=\"h5\">Hyfforddi a Pharatoi<\/h4>\n              <\/div>\n            <\/div>\n          <\/a>\n        <\/div>\n              <div class=\"col-sm-12 col-md-4\">\n          <a href=\"https:\/\/www.run4wales.org\/cy\/hyfforddiant\/lles\/\">\n            <div class=\"card\">\n              <figure>\n                <img class=\"card-img-top\" src=\"https:\/\/www.run4wales.org\/app\/uploads\/2021\/03\/HOKA-Cardiff-2018-\u00a9P.Verticale_R.Blomme_3350.jpg\">\n              <\/figure>\n              <div class=\"card-body\">\n                <h4 class=\"h5\">Lles<\/h4>\n              <\/div>\n            <\/div>\n          <\/a>\n        <\/div>\n              <div class=\"col-sm-12 col-md-4\">\n          <a href=\"https:\/\/www.run4wales.org\/cy\/hyfforddiant\/shop\/\">\n            <div class=\"card\">\n              <figure>\n                <img class=\"card-img-top\" src=\"https:\/\/www.run4wales.org\/app\/uploads\/2021\/12\/R4W-Shop-Header-GIF-2.gif\">\n              <\/figure>\n              <div class=\"card-body\">\n                <h4 class=\"h5\">Siop R4W<\/h4>\n              <\/div>\n            <\/div>\n          <\/a>\n        <\/div>\n          <\/div>\n\n  <\/section>\n","protected":false},"excerpt":{"rendered":"<p>Gall ymuno \u00e2 chlwb rhedeg wella eich rhedeg a helpu i\u2019ch cymell chi drwy gydol eich hyfforddiant. Mae ymuno \u00e2 chlwb yn ffordd wych o gwrdd \u00e2 phobl newydd, cymdeithasu a gwthio eich hun drwy redeg gydag eraill. Gall clybiau fod yn ffynhonnell ardderchog o wybodaeth leol \u2013 p\u2019un a ydych chi\u2019n edrych am eich<\/p>\n","protected":false},"author":1,"featured_media":2227,"parent":3870,"menu_order":0,"comment_status":"closed","ping_status":"closed","template":"views\/template-sidebar.blade.php","meta":[],"_links":{"self":[{"href":"https:\/\/www.run4wales.org\/cy\/wp-json\/wp\/v2\/pages\/4174"}],"collection":[{"href":"https:\/\/www.run4wales.org\/cy\/wp-json\/wp\/v2\/pages"}],"about":[{"href":"https:\/\/www.run4wales.org\/cy\/wp-json\/wp\/v2\/types\/page"}],"author":[{"embeddable":true,"href":"https:\/\/www.run4wales.org\/cy\/wp-json\/wp\/v2\/users\/1"}],"replies":[{"embeddable":true,"href":"https:\/\/www.run4wales.org\/cy\/wp-json\/wp\/v2\/comments?post=4174"}],"version-history":[{"count":12,"href":"https:\/\/www.run4wales.org\/cy\/wp-json\/wp\/v2\/pages\/4174\/revisions"}],"predecessor-version":[{"id":4933,"href":"https:\/\/www.run4wales.org\/cy\/wp-json\/wp\/v2\/pages\/4174\/revisions\/4933"}],"up":[{"embeddable":true,"href":"https:\/\/www.run4wales.org\/cy\/wp-json\/wp\/v2\/pages\/3870"}],"wp:featuredmedia":[{"embeddable":true,"href":"https:\/\/www.run4wales.org\/cy\/wp-json\/wp\/v2\/media\/2227"}],"wp:attachment":[{"href":"https:\/\/www.run4wales.org\/cy\/wp-json\/wp\/v2\/media?parent=4174"}],"curies":[{"name":"wp","href":"https:\/\/api.w.org\/{rel}","templated":true}]}}